









{"id":7154,"date":"2023-11-06T09:28:44","date_gmt":"2023-11-06T08:28:44","guid":{"rendered":"https:\/\/www.e-evoluzione.com\/about-us\/"},"modified":"2024-04-23T15:48:21","modified_gmt":"2024-04-23T13:48:21","slug":"about-us","status":"publish","type":"page","link":"https:\/\/www.e-evoluzione.com\/en\/about-us\/","title":{"rendered":"ABOUT US"},"content":{"rendered":"<div class=\"wpb-content-wrapper\"><p>[vc_row][vc_column][vc_empty_space height=&#8221;60px&#8221;][\/vc_column][\/vc_row][vc_row][vc_column width=&#8221;1\/3&#8243;]<div class=\"konte-icon-box icon-type-fontawesome box-align-left   \">\n\t\t\t\t<div class=\"konte-icon-box__icon\"><i class=\"fas fa-history\"><\/i><\/div>\n\t\t\t\t<h4 class=\"konte-icon-box__title\" ><\/h4>\n\t\t\t\t<div class=\"konte-icon-box__content\"><\/div>\n\t\t\t<\/div>[vc_custom_heading text=&#8221;Our history&#8221; use_theme_fonts=&#8221;yes&#8221;][\/vc_column][vc_column width=&#8221;2\/3&#8243;][vc_column_text]<\/p>\n<p class=\"p1\">It all started around the 60s in the Cadore Valley, a small mountain area of the Veneto Region well-known for its marvelous Dolomites full of ski resorts and trekking paths but also for the centuries-old tradition of eyeglasses production.<\/p>\n<p class=\"p1\">At that time Vittorio Del Favero was a young brave artisan deciding to bet everything on its skills and talents. In 1962 he choosed to start its own eyeglasses production named Evoluzione, located in Lozzo di Cadore right in the middle of the eyeglasses district of Belluno. That area was starting to be known all over Europe for its manufacture. At the beginning it only was a small atelier situated within his household, where everyone was working tireless and passionated in order to create high quality frames and glasses.<\/p>\n<p class=\"p1\">These were the times when eyeglasses were a status symbol and customers were becoming always more demanding.<\/p>\n<p class=\"p1\">These were the years when value eyewear was an established status symbol, and customers became increasingly demanding and sought after.<\/p>\n<p class=\"p1\">Time flies and by the 80s the family-run factory has grown very fast, Vittorio&#8217;s son Mauro joins the business and plans to expand to Europe. Thanks to some friends already working as salesmen he started traveling around Germany with its small sample case. Even if he didn&#8217; know a single word of German he soon became confident with the job and well-known around the biggest opticians, gaining important contacts and developing his father&#8217;s small business.<\/p>\n<p class=\"p1\">In 2018 Mauro&#8217;s son Stefano joins the company adding a modern concept and creating innovative and high-quality eyeglasses, always looking for new products to reach also the most demanding contemporary customers.<\/p>\n<p class=\"p1\">Refined shapes, distinguishing styles, quality eyeglasses handcrafted with love for details, the care for customers and an accurate post-sale service are now the strong points of Evoluzione, making the business growing day by day and reaching nowadays the best opticians all over Italy and Europe.<\/p>\n<p>[\/vc_column_text][\/vc_column][\/vc_row][vc_row][vc_column][vc_empty_space height=&#8221;65px&#8221;][\/vc_column][\/vc_row][vc_row][vc_column]\t\t\t<!-- Cool Timeline Free V3.2.4 -->\n\t\t\t<div class=\"ctl-wrapper\" role=\"region\" aria-label=\"Timeline\">\n\t\t\t\t<div class=\"ctl-before-content\"><div class=\"timeline-main-title\"><h2>La nostra storia<\/h2><\/div><\/div>\t\t\t\t<div id=\"cool_timeline_1\" class=\"cool-timeline-wrapper ctl-both-sided ctl-vertical-wrapper ctl-clean-skin\" >\n\t\t\t\t\t<div class=\"ctl-start\"><\/div>\n\t\t\t\t\t<!-- Timeline Container -->\n\t\t\t\t\t<div class=\"ctl-timeline ctl-timeline-container\" data-animation=\"fadeInUp\">\n\t\t\t\t\t\t<!-- Center Line -->\n\t\t\t\t\t\t<div class=\"ctl-inner-line\" role=\"presentation\"><\/div>\n\t\t\t\t\t\t\t\t\t\t\t\t<!-- Story Year Section --><div data-cls=\"sc-nv-light vertical\" class=\"timeline-year scrollable-section ctl-year ctl-year-container light-year\" data-section-title=\"1962\" id=\"year-1962\"><div class=\"ctl-year-label ctl-year-text\"><span>1962<\/span><\/div><\/div><!-- Timeline Content --><div  id=\"ctl-story-2755\" class=\"ctl-story ctl-story-icon odd ctl-story-right\" data-aos=\"fadeInUp\"   data-story-index=\"1\" role=\"article\"><!-- Story Date --><div class=\"ctl-labels\"><div class=\"ctl-label-big story-date\">1962<\/div><\/div><!-- Story Icon --><div class=\"ctl-icon\"><i class= \"fa fas fa-chevron-right\" aria-hidden =\"true\"><\/i><\/div> <!-- Story Content --><div class=\"ctl-content\"><!-- Story Title --><div class=\"ctl-title story-2755\" aria-label=\"2\"><a target=\"_self\" title=\"Dove tutto ha inizio\" href=\"https:\/\/www.e-evoluzione.com\/en\/cool_timeline\/dove-tutto-ha-inizio\/\" class=\"story-link\">Dove tutto ha inizio<\/a><\/div><!-- Story Media --><div class=\"ctl-media full\"><a data-glightbox=\"Dove tutto ha inizio\" href=\"https:\/\/www.e-evoluzione.com\/wp-content\/uploads\/2023\/11\/timeline-1962.jpg\" class=\"ctl_glightbox\"><img loading=\"lazy\" decoding=\"async\" width=\"514\" height=\"514\" src=\"https:\/\/www.e-evoluzione.com\/wp-content\/uploads\/2023\/11\/timeline-1962.jpg\" class=\"story-img wp-post-image\" alt=\"Dove tutto ha inizio\" srcset=\"https:\/\/www.e-evoluzione.com\/wp-content\/uploads\/2023\/11\/timeline-1962.jpg 514w, https:\/\/www.e-evoluzione.com\/wp-content\/uploads\/2023\/11\/timeline-1962-300x300.jpg 300w, https:\/\/www.e-evoluzione.com\/wp-content\/uploads\/2023\/11\/timeline-1962-150x150.jpg 150w\" sizes=\"auto, (max-width: 514px) 100vw, 514px\" \/><\/a><\/div><!-- Story Description --><div class=\"ctl-description\"><p class=\"p1\">La nascita delle piccole fabbriche artigianali sempre affascinante:<br \/>\nun paio di amici con obiettivo comune e la volont\u00e0 di migliorare le proprie<br \/>\ncondizioni. Tanto lavoro e mezzi tecnologicamente non all&#8217;avanguardia, modificati per ottenere i migliori risultati.<\/p>\n<\/div><\/div><\/div><!-- Story Year Section --><div data-cls=\"sc-nv-light vertical\" class=\"timeline-year scrollable-section ctl-year ctl-year-container light-year\" data-section-title=\"1984\" id=\"year-1984\"><div class=\"ctl-year-label ctl-year-text\"><span>1984<\/span><\/div><\/div><!-- Timeline Content --><div  id=\"ctl-story-2760\" class=\"ctl-story ctl-story-icon even ctl-story-left\" data-aos=\"fadeInUp\"   data-story-index=\"2\" role=\"article\"><!-- Story Date --><div class=\"ctl-labels\"><div class=\"ctl-label-big story-date\">1984<\/div><\/div><!-- Story Icon --><div class=\"ctl-icon\"><i class=\"fa fa-clock-o\" aria-hidden=\"true\"><\/i><\/div> <!-- Story Content --><div class=\"ctl-content\"><!-- Story Title --><div class=\"ctl-title story-2760\" aria-label=\"2\"><a target=\"_self\" title=\"Produzione occhiali\" href=\"https:\/\/www.e-evoluzione.com\/en\/cool_timeline\/produzione-occhiali\/\" class=\"story-link\">Produzione occhiali<\/a><\/div><!-- Story Media --><div class=\"ctl-media full\"><a data-glightbox=\"Produzione occhiali\" href=\"https:\/\/www.e-evoluzione.com\/wp-content\/uploads\/2023\/11\/timeline-1984.jpg\" class=\"ctl_glightbox\"><img loading=\"lazy\" decoding=\"async\" width=\"514\" height=\"514\" src=\"https:\/\/www.e-evoluzione.com\/wp-content\/uploads\/2023\/11\/timeline-1984.jpg\" class=\"story-img wp-post-image\" alt=\"Produzione occhiali\" srcset=\"https:\/\/www.e-evoluzione.com\/wp-content\/uploads\/2023\/11\/timeline-1984.jpg 514w, https:\/\/www.e-evoluzione.com\/wp-content\/uploads\/2023\/11\/timeline-1984-300x300.jpg 300w, https:\/\/www.e-evoluzione.com\/wp-content\/uploads\/2023\/11\/timeline-1984-150x150.jpg 150w\" sizes=\"auto, (max-width: 514px) 100vw, 514px\" \/><\/a><\/div><!-- Story Description --><div class=\"ctl-description\"><p>la produzione di occhiali artigianali \u00e8 un\u2019arte che richiede molta abilit\u00e0 e precisione, la nostra azienda produce occhiali artigianali fatti a mano.<br \/>\nL\u2019intero processo di produzione, dalla sgrossatura alla burattatura, \u00e8 svolto completamente da esperti artigiani che modellano e lavorano le migliori lastre di acetato, donandogli colori nitidi e brillanti.<br \/>\nLa lavorazione degli occhiali consiste in un processo lungo e meticoloso che vede protagonisti attori diversi, che si incontrano in un luogo comune condividendo competenze differenti, affini e complementari.<\/p>\n<\/div><\/div><\/div><!-- Story Year Section --><div data-cls=\"sc-nv-light vertical\" class=\"timeline-year scrollable-section ctl-year ctl-year-container light-year\" data-section-title=\"2018\" id=\"year-2018\"><div class=\"ctl-year-label ctl-year-text\"><span>2018<\/span><\/div><\/div><!-- Timeline Content --><div  id=\"ctl-story-2764\" class=\"ctl-story ctl-story-icon odd ctl-story-right\" data-aos=\"fadeInUp\"   data-story-index=\"3\" role=\"article\"><!-- Story Date --><div class=\"ctl-labels\"><div class=\"ctl-label-big story-date\">2018<\/div><\/div><!-- Story Icon --><div class=\"ctl-icon\"><i class=\"fa fa-clock-o\" aria-hidden=\"true\"><\/i><\/div> <!-- Story Content --><div class=\"ctl-content\"><!-- Story Title --><div class=\"ctl-title story-2764\" aria-label=\"2\"><a target=\"_self\" title=\"Stefano e Mauro\" href=\"https:\/\/www.e-evoluzione.com\/en\/cool_timeline\/stefano-e-mauro\/\" class=\"story-link\">Stefano e Mauro<\/a><\/div><!-- Story Media --><div class=\"ctl-media full\"><a data-glightbox=\"Stefano e Mauro\" href=\"https:\/\/www.e-evoluzione.com\/wp-content\/uploads\/2023\/11\/timeline-2018.jpg\" class=\"ctl_glightbox\"><img loading=\"lazy\" decoding=\"async\" width=\"514\" height=\"514\" src=\"https:\/\/www.e-evoluzione.com\/wp-content\/uploads\/2023\/11\/timeline-2018.jpg\" class=\"story-img wp-post-image\" alt=\"Stefano e Mauro\" srcset=\"https:\/\/www.e-evoluzione.com\/wp-content\/uploads\/2023\/11\/timeline-2018.jpg 514w, https:\/\/www.e-evoluzione.com\/wp-content\/uploads\/2023\/11\/timeline-2018-300x300.jpg 300w, https:\/\/www.e-evoluzione.com\/wp-content\/uploads\/2023\/11\/timeline-2018-150x150.jpg 150w\" sizes=\"auto, (max-width: 514px) 100vw, 514px\" \/><\/a><\/div><!-- Story Description --><div class=\"ctl-description\"><p>Gli occhiali sono un accessorio che pu\u00f2 esprimere la personalit\u00e0 e il gusto di chi li indossa, oltre a proteggere la vista e filtrare la luce, questa \u00e8 la base di pensiero che ci ispira per realizzare tutte le nuove collezioni.<br \/>\nOgni giorno proviamo nuove forme e abbinamenti di colori, un lavoro che ci entusiasma e ci mette a stretto contatto con i nostri clienti ottici.<\/p>\n<\/div><\/div><\/div>\t\t\t\t\t<\/div>\n\t\t\t\t\t<div class=\"ctl-end\"><\/div>\n\t\t\t\t\t\t\t\t\t<\/div>\n\t\t\t<\/div>\n\t\t\t[\/vc_column][\/vc_row][vc_row][vc_column width=&#8221;1\/3&#8243;][vc_custom_heading text=&#8221;Why you should choose us&#8221; use_theme_fonts=&#8221;yes&#8221;][vc_empty_space height=&#8221;30px&#8221;][\/vc_column][vc_column width=&#8221;2\/3&#8243;][vc_row_inner][vc_column_inner width=&#8221;1\/2&#8243;]<div class=\"konte-icon-box icon-type-fontawesome box-align-left   \">\n\t\t\t\t<div class=\"konte-icon-box__icon\"><i class=\"far fa-laugh\"><\/i><\/div>\n\t\t\t\t<h4 class=\"konte-icon-box__title\" style=\"font-size:1.1111111111111em\">2000+ satisfied customers<\/h4>\n\t\t\t\t<div class=\"konte-icon-box__content\"><p>Customers&#8217; satisfaction is the key of success.<br \/>\nThat&#8217;s why our keywords are:<br \/>\nExcellent quality and design, efficient post-sale service,<br \/>\nhonest price-quality ratio, good communication and wide customization.<\/p>\n<\/div>\n\t\t\t<\/div>[vc_empty_space height=&#8221;75px&#8221;][\/vc_column_inner][vc_column_inner width=&#8221;1\/2&#8243;]<div class=\"konte-icon-box icon-type-fontawesome box-align-left   \">\n\t\t\t\t<div class=\"konte-icon-box__icon\"><i class=\"fas fa-globe-europe\"><\/i><\/div>\n\t\t\t\t<h4 class=\"konte-icon-box__title\" style=\"font-size:1.1111111111111em\">Present in 15 Italian and 8 German regions<\/h4>\n\t\t\t\t<div class=\"konte-icon-box__content\"><p>We are constantly looking for new partnerships so we can strengthen our position on the market and always offer the best service to our customers. Thanks to our growing sales area we are reaching even more customers so to<br \/>\nsatisfy their needs quickly and efficiently.<br \/>\nOur task is to keep on investing in our sales area in order to mantain our competitiveness on the market and expanding to new collaborations both nationally and internationally.<\/p>\n<\/div>\n\t\t\t<\/div>[vc_empty_space height=&#8221;75px&#8221;][\/vc_column_inner][\/vc_row_inner][vc_row_inner][vc_column_inner width=&#8221;1\/2&#8243;]<div class=\"konte-icon-box icon-type-fontawesome box-align-left   \">\n\t\t\t\t<div class=\"konte-icon-box__icon\"><i class=\"fas fa-vials\"><\/i><\/div>\n\t\t\t\t<h4 class=\"konte-icon-box__title\" style=\"font-size:1.1111111111111em\">More than 60 years of experience<\/h4>\n\t\t\t\t<div class=\"konte-icon-box__content\"><p>Our goal is to continue to grow and improve, always offering high-quality products to our customers.<br \/>\nWe are grateful to our employees who have contributed significantly to our success and are confident that they will continue to do so in the future.<\/p>\n<\/div>\n\t\t\t<\/div>[vc_empty_space height=&#8221;75px&#8221;][\/vc_column_inner][vc_column_inner width=&#8221;1\/2&#8243;]<div class=\"konte-icon-box icon-type-fontawesome box-align-left   \">\n\t\t\t\t<div class=\"konte-icon-box__icon\"><i class=\"fas fa-headset\"><\/i><\/div>\n\t\t\t\t<h4 class=\"konte-icon-box__title\" style=\"font-size:1.1111111111111em\">24\/7 Support<\/h4>\n\t\t\t\t<div class=\"konte-icon-box__content\"><p>We are always available to answer your questions. We are always available if you have some questions.If you need post-sale service you can reach us either by phone under the number <a href=\"tel:+390435366204\">+39 0435 366204<\/a> or by e-mail at <a href=\"mailto:assistenza@e-evoluzione.com\">assistenza@e-evoluzione.com<\/a>, as well as via WhatsApp under the number <a href=\"tel:+393804928275\"> +39 380 492 8275<\/a>.We will be glad to reply as soon as possible.<\/p>\n<\/div>\n\t\t\t<\/div>[vc_empty_space height=&#8221;75px&#8221;][\/vc_column_inner][\/vc_row_inner][\/vc_column][\/vc_row][vc_row][vc_column][vc_empty_space height=&#8221;50px&#8221;][\/vc_column][\/vc_row][vc_row el_class=&#8221;team-member&#8221;][vc_column][vc_custom_heading text=&#8221;Our Team&#8221; use_theme_fonts=&#8221;yes&#8221; css=&#8221;.vc_custom_1699264410588{margin-bottom: 65px !important;}&#8221;]<div class=\"konte-carousel konte-carousel--gap-40  konte-carousel--dots-left\" data-slick=\"{&quot;dots&quot;:true,&quot;arrows&quot;:false,&quot;infinite&quot;:true,&quot;slidesToShow&quot;:3,&quot;slidesToScroll&quot;:3}\" ><div class=\"konte-team-member  \">\n\t\t\t\t<img loading=\"lazy\" decoding=\"async\" src=\"https:\/\/www.e-evoluzione.com\/wp-content\/plugins\/konte-addons\/assets\/images\/person.jpg\" alt=\"Stefano Del Favero\" width=\"288\" height=\"352\">\n\t\t\t\t<div class=\"konte-team-member__info\">\n\t\t\t\t\t<h5 class=\"konte-team-member__name\">Stefano Del Favero<\/h5>\n\t\t\t\t\t<span class=\"konte-team-member__job\">Fondatore \/ CEO<\/span>\n\t\t\t\t\t<span class=\"konte-team-member__socials\"><a href=\"#\" target=\"_blank\"><i class=\"fa fa-facebook\"><\/i><\/a><a href=\"#\" target=\"_blank\"><i class=\"fa fa-linkedin\"><\/i><\/a><a href=\"#\" target=\"_blank\"><i class=\"fa fa-instagram\"><\/i><\/a><\/span>\n\t\t\t\t<\/div>\n\t\t\t<\/div><div class=\"konte-team-member  \">\n\t\t\t\t<img loading=\"lazy\" decoding=\"async\" src=\"https:\/\/www.e-evoluzione.com\/wp-content\/plugins\/konte-addons\/assets\/images\/person.jpg\" alt=\"Mauro Del Favero\" width=\"288\" height=\"352\">\n\t\t\t\t<div class=\"konte-team-member__info\">\n\t\t\t\t\t<h5 class=\"konte-team-member__name\">Mauro Del Favero<\/h5>\n\t\t\t\t\t<span class=\"konte-team-member__job\">Fondatore \/ CEO<\/span>\n\t\t\t\t\t<span class=\"konte-team-member__socials\"><a href=\"#\" target=\"_blank\"><i class=\"fa fa-facebook\"><\/i><\/a><a href=\"#\" target=\"_blank\"><i class=\"fa fa-linkedin\"><\/i><\/a><a href=\"#\" target=\"_blank\"><i class=\"fa fa-instagram\"><\/i><\/a><\/span>\n\t\t\t\t<\/div>\n\t\t\t<\/div><div class=\"konte-team-member  \">\n\t\t\t\t<img loading=\"lazy\" decoding=\"async\" src=\"https:\/\/www.e-evoluzione.com\/wp-content\/plugins\/konte-addons\/assets\/images\/person.jpg\" alt=\"Lorem Ipsum\" width=\"288\" height=\"352\">\n\t\t\t\t<div class=\"konte-team-member__info\">\n\t\t\t\t\t<h5 class=\"konte-team-member__name\">Lorem Ipsum<\/h5>\n\t\t\t\t\t<span class=\"konte-team-member__job\">Lorem Ipsum<\/span>\n\t\t\t\t\t<span class=\"konte-team-member__socials\"><a href=\"#\" target=\"_blank\"><i class=\"fa fa-facebook\"><\/i><\/a><a href=\"#\" target=\"_blank\"><i class=\"fa fa-linkedin\"><\/i><\/a><a href=\"#\" target=\"_blank\"><i class=\"fa fa-instagram\"><\/i><\/a><\/span>\n\t\t\t\t<\/div>\n\t\t\t<\/div><\/div>[\/vc_column][\/vc_row][vc_row][vc_column][vc_empty_space height=&#8221;60px&#8221;][\/vc_column][\/vc_row]<\/p>\n<\/div>","protected":false},"excerpt":{"rendered":"<p>[vc_row][vc_column][vc_empty_space height=&#8221;60px&#8221;][\/vc_column][\/vc_row][vc_row][vc_column width=&#8221;1\/3&#8243;][vc_custom_heading text=&#8221;Our history&#8221; use_theme_fonts=&#8221;yes&#8221;][\/vc_column][vc_column width=&#8221;2\/3&#8243;][vc_column_text] It all started around the 60s in the Cadore Valley, a small mountain area of the Veneto Region well-known for its marvelous Dolomites&hellip;<\/p>\n","protected":false},"author":1,"featured_media":7155,"parent":0,"menu_order":0,"comment_status":"closed","ping_status":"closed","template":"","meta":{"_acf_changed":false,"_monsterinsights_skip_tracking":false,"_monsterinsights_sitenote_active":false,"_monsterinsights_sitenote_note":"","_monsterinsights_sitenote_category":0,"_uf_show_specific_survey":0,"_uf_disable_surveys":false,"footnotes":""},"class_list":["post-7154","page","type-page","status-publish","has-post-thumbnail","hentry"],"acf":[],"_links":{"self":[{"href":"https:\/\/www.e-evoluzione.com\/en\/wp-json\/wp\/v2\/pages\/7154","targetHints":{"allow":["GET"]}}],"collection":[{"href":"https:\/\/www.e-evoluzione.com\/en\/wp-json\/wp\/v2\/pages"}],"about":[{"href":"https:\/\/www.e-evoluzione.com\/en\/wp-json\/wp\/v2\/types\/page"}],"author":[{"embeddable":true,"href":"https:\/\/www.e-evoluzione.com\/en\/wp-json\/wp\/v2\/users\/1"}],"replies":[{"embeddable":true,"href":"https:\/\/www.e-evoluzione.com\/en\/wp-json\/wp\/v2\/comments?post=7154"}],"version-history":[{"count":0,"href":"https:\/\/www.e-evoluzione.com\/en\/wp-json\/wp\/v2\/pages\/7154\/revisions"}],"wp:featuredmedia":[{"embeddable":true,"href":"https:\/\/www.e-evoluzione.com\/en\/wp-json\/wp\/v2\/media\/7155"}],"wp:attachment":[{"href":"https:\/\/www.e-evoluzione.com\/en\/wp-json\/wp\/v2\/media?parent=7154"}],"curies":[{"name":"wp","href":"https:\/\/api.w.org\/{rel}","templated":true}]}}